{"id":717,"date":"2025-10-27T07:53:18","date_gmt":"2025-10-27T07:53:18","guid":{"rendered":"https:\/\/yingcool.com.vn\/?post_type=product&#038;p=717"},"modified":"2025-10-27T08:04:27","modified_gmt":"2025-10-27T08:04:27","slug":"bim-yingcool-plus-size-m-dan","status":"publish","type":"product","link":"https:\/\/yingcool.com.vn\/index.php\/san-pham\/bim-yingcool-plus-size-m-dan\/","title":{"rendered":"B\u1ec9m Yingcool Plus &#8211; size M d\u00e1n"},"content":{"rendered":"<div>M\u00d4 T\u1ea2 S\u1ea2N PH\u1ea8M:<\/div>\n<div><\/div>\n<div>Yingcool Plus \u2013 phi\u00ean b\u1ea3n b\u1ec9m cao c\u1ea5p m\u1edbi nh\u1ea5t t\u1eeb Yingcool, \u1ee9ng d\u1ee5ng c\u00f4ng ngh\u1ec7 d\u1ec7t nhi\u1ec7t \u0111\u00e1m m\u00e2y ti\u00ean ti\u1ebfn, mang \u0111\u1ebfn tr\u1ea3i nghi\u1ec7m m\u1ec1m m\u1ea1i \u2013 kh\u00f4 tho\u00e1ng \u2013 an to\u00e0n cho l\u00e0n da nh\u1ea1y c\u1ea3m c\u1ee7a b\u00e9.<\/div>\n<div><\/div>\n<div>\u0110\u1eb6C \u0110I\u1ec2M N\u1ed4I B\u1eacT:<\/div>\n<div><\/div>\n<div>\u2705 C\u00f4ng ngh\u1ec7 d\u1ec7t nhi\u1ec7t \u0111\u00e1m m\u00e2y<\/div>\n<div>Ph\u00e2n t\u00e1ch v\u00f9ng th\u1ea5m h\u00fat th\u00f4ng minh, gi\u00fap b\u1ec9m th\u1ea5m h\u00fat c\u1ef1c nhanh ch\u1ec9 trong 10 gi\u00e2y \u2013 th\u1eed nghi\u1ec7m th\u1ef1c t\u1ebf v\u1edbi 150ml n\u01b0\u1edbc \u1edf 37\u00b0C (nhi\u1ec7t \u0111\u1ed9 ti\u1ec3u t\u1ef1 nhi\u00ean c\u1ee7a b\u00e9).<\/div>\n<div><\/div>\n<div>\u2705 B\u1ec1 m\u1eb7t ng\u1ecdc trai si\u00eau m\u1ec1m<\/div>\n<div>S\u1eed d\u1ee5ng s\u1ee3i si\u00eau m\u1ea3nh d\u1eadp n\u1ed5i h\u1ecda ti\u1ebft ng\u1ecdc trai gi\u00fap gi\u1ea3m ma s\u00e1t, kh\u00f4ng h\u1eb1n \u0111\u1ecf, kh\u00f4ng k\u00edch \u1ee9ng da b\u00e9.<\/div>\n<div><\/div>\n<div>\u2705 Thun l\u01b0ng d\u1eadp \u201cs\u00f3ng b\u00f4ng\u201d si\u00eau \u00e2m th\u1ebf h\u1ec7 m\u1edbi<\/div>\n<div>\u00cam \u00e1i, co gi\u00e3n linh ho\u1ea1t, \u00f4m kh\u00edt c\u01a1 th\u1ec3 b\u00e9 m\u00e0 v\u1eabn nh\u1eb9 nh\u00e0ng nh\u01b0 ch\u1ea1m m\u00e2y, ng\u0103n tr\u00e0n hi\u1ec7u qu\u1ea3 360\u00b0 \u1edf m\u1ecdi t\u01b0 th\u1ebf.<\/div>\n<div><\/div>\n<div>\u2705 Si\u00eau th\u1ea5m h\u00fat \u2013 ch\u1ed1ng th\u1ea5m ng\u01b0\u1ee3c v\u01b0\u1ee3t tr\u1ed9i<\/div>\n<div>Kh\u1ea3 n\u0103ng gi\u1eef n\u01b0\u1edbc l\u00ean \u0111\u1ebfn 1200ml (size XXXL) m\u00e0 v\u1eabn kh\u00f4 r\u00e1o, tho\u00e1ng kh\u00ed su\u1ed1t 8 gi\u1edd, gi\u00fap b\u00e9 tho\u1ea3i m\u00e1i vui ch\u01a1i v\u00e0 ng\u1ee7 ngon c\u1ea3 \u0111\u00eam.<\/div>\n<div><\/div>\n<div>\u2705 Thi\u1ebft k\u1ebf \u00f4m v\u1eeba v\u1eb7n \u2013 ch\u1ed1ng h\u1eb1n, ch\u1ed1ng x\u00f4 l\u1ec7ch<\/div>\n<div>B\u1ec9m \u00f4m tr\u1ecdn v\u00f9ng eo v\u00e0 \u0111\u00f9i b\u00e9, h\u1ed7 tr\u1ee3 b\u00e9 v\u1eadn \u0111\u1ed9ng t\u1ef1 nhi\u00ean m\u00e0 kh\u00f4ng c\u1ea5n hay x\u1ec7 b\u1ec9m.<\/div>\n<div><\/div>\n<div>V\u00cc SAO M\u1eb8 N\u00caN CH\u1eccN YINGCOOL PLUS?<\/div>\n<div><\/div>\n<div>&#8211; B\u1ec9m cao c\u1ea5p \u0111\u01b0\u1ee3c nghi\u00ean c\u1ee9u ri\u00eang cho l\u00e0n da nh\u1ea1y c\u1ea3m c\u1ee7a tr\u1ebb em Vi\u1ec7t<\/div>\n<div>&#8211; Th\u1ea5m h\u00fat \u2013 kh\u00f4 r\u00e1o \u2013 m\u1ec1m m\u1ea1i \u2013 ch\u1ed1ng tr\u00e0n to\u00e0n di\u1ec7n<\/div>\n<div>&#8211; \u0110\u01b0\u1ee3c tin d\u00f9ng b\u1edfi h\u00e0ng tri\u1ec7u m\u1eb9 b\u1ec9m tr\u00ean to\u00e0n qu\u1ed1c.<\/div>\n<div><\/div>\n<div>CHI TI\u1ebeT S\u1ed0 MI\u1ebeNG T\u1eeaNG SIZE\/ H\u01af\u1edaNG D\u1eaaN CH\u1eccN SIZE:<\/div>\n<div>B\u1ec9m d\u00e1n:<\/div>\n<div>NB d\u00e1n\u00a0 \u00a0 \u00a0 &#8211; 66 Mi\u1ebfng: &lt; 5kg<\/div>\n<div>S d\u00e1n\u00a0 \u00a0 \u00a0 \u00a0 \u00a0&#8211; 60 Mi\u1ebfng: 4-8kg<\/div>\n<div>M d\u00e1n\u00a0 \u00a0 \u00a0 \u00a0 &#8211; 54 Mi\u1ebfng: 6-11kg<\/div>\n<div>B\u1ec9m Qu\u1ea7n:<\/div>\n<div>M qu\u1ea7n\u00a0 \u00a0 \u00a0 &#8211; 52 Mi\u1ebfng: 6-11kg<\/div>\n<div>L qu\u1ea7n\u00a0 \u00a0 \u00a0 \u00a0 &#8211; 48 Mi\u1ebfng: 9-14kg<\/div>\n<div>XL qu\u1ea7n\u00a0 \u00a0 \u00a0&#8211; 44 Mi\u1ebfng: 12-17kg<\/div>\n<div>XXL qu\u1ea7n\u00a0 \u00a0&#8211; 42 Mi\u1ebfng: &gt;15kg<\/div>\n<div>XXXL qu\u1ea7n &#8211; 40 Mi\u1ebfng: &gt;17kg<\/div>\n","protected":false},"excerpt":{"rendered":"<p>M\u00d4 T\u1ea2 S\u1ea2N PH\u1ea8M: Yingcool Plus \u2013 phi\u00ean b\u1ea3n b\u1ec9m cao c\u1ea5p m\u1edbi nh\u1ea5t t\u1eeb Yingcool, \u1ee9ng d\u1ee5ng c\u00f4ng ngh\u1ec7 d\u1ec7t nhi\u1ec7t \u0111\u00e1m m\u00e2y ti\u00ean ti\u1ebfn, mang \u0111\u1ebfn tr\u1ea3i nghi\u1ec7m m\u1ec1m m\u1ea1i \u2013 kh\u00f4 tho\u00e1ng \u2013 an to\u00e0n cho l\u00e0n da nh\u1ea1y c\u1ea3m c\u1ee7a b\u00e9. \u0110\u1eb6C \u0110I\u1ec2M N\u1ed4I B\u1eacT: \u2705 C\u00f4ng ngh\u1ec7 d\u1ec7t nhi\u1ec7t \u0111\u00e1m [&#8230;]\n","protected":false},"featured_media":718,"comment_status":"open","ping_status":"closed","template":"","meta":{"_ti_tpc_template_sync":false,"_ti_tpc_template_id":""},"product_cat":[22],"product_tag":[],"class_list":["post-717","product","type-product","status-publish","has-post-thumbnail","hentry","product_cat-yingcool-plus"],"_links":{"self":[{"href":"https:\/\/yingcool.com.vn\/index.php\/wp-json\/wp\/v2\/product\/717","targetHints":{"allow":["GET"]}}],"collection":[{"href":"https:\/\/yingcool.com.vn\/index.php\/wp-json\/wp\/v2\/product"}],"about":[{"href":"https:\/\/yingcool.com.vn\/index.php\/wp-json\/wp\/v2\/types\/product"}],"replies":[{"embeddable":true,"href":"https:\/\/yingcool.com.vn\/index.php\/wp-json\/wp\/v2\/comments?post=717"}],"wp:featuredmedia":[{"embeddable":true,"href":"https:\/\/yingcool.com.vn\/index.php\/wp-json\/wp\/v2\/media\/718"}],"wp:attachment":[{"href":"https:\/\/yingcool.com.vn\/index.php\/wp-json\/wp\/v2\/media?parent=717"}],"wp:term":[{"taxonomy":"product_cat","embeddable":true,"href":"https:\/\/yingcool.com.vn\/index.php\/wp-json\/wp\/v2\/product_cat?post=717"},{"taxonomy":"product_tag","embeddable":true,"href":"https:\/\/yingcool.com.vn\/index.php\/wp-json\/wp\/v2\/product_tag?post=717"}],"curies":[{"name":"wp","href":"https:\/\/api.w.org\/{rel}","templated":true}]}}