{"id":696,"date":"2025-02-21T10:13:52","date_gmt":"2025-02-21T10:13:52","guid":{"rendered":"https:\/\/yingcool.com.vn\/?post_type=product&#038;p=696"},"modified":"2025-11-27T01:33:23","modified_gmt":"2025-11-27T01:33:23","slug":"bim-yutaka","status":"publish","type":"product","link":"https:\/\/yingcool.com.vn\/index.php\/san-pham\/bim-yutaka\/","title":{"rendered":"B\u1ec9m Yutaka"},"content":{"rendered":"<p>\u0110\u1eb7c \u0111i\u1ec3m v\u01b0\u1ee3t tr\u1ed9i c\u1ee7a B\u1ec9m Yutaka<\/p>\n<ul>\n<li>\u0110\u1ed9 co gi\u00e3n linh ho\u1ea1t tuy\u1ec7t \u0111\u1ed1i:<\/li>\n<\/ul>\n<p>Chun v\u00f4 c\u1ef1c \u0111\u01b0\u1ee3c thi\u1ebft k\u1ebf \u0111\u1ec3 co gi\u00e3n 3 chi\u1ec1u, gi\u00fap b\u1ec9m \u00f4m s\u00e1t c\u01a1 th\u1ec3 b\u00e9 m\u00e0 kh\u00f4ng g\u00e2y kh\u00f3 ch\u1ecbu hay v\u1ebft h\u1eb1n tr\u00ean da.<\/p>\n<ul>\n<li>T\u0103ng c\u01b0\u1eddng s\u1ef1 tho\u1ea3i m\u00e1i:<\/li>\n<\/ul>\n<p>V\u1edbi c\u00f4ng ngh\u1ec7 kh\u00f4ng \u0111\u01b0\u1eddng n\u1ed1i, chun v\u00f4 c\u00f9ng m\u1ec1m m\u1ea1i h\u01a1n so v\u1edbi chun truy\u1ec1n th\u1ed1ng, \u0111\u1ea3m b\u1ea3o b\u00e9 tho\u1ea3i m\u00e1i v\u1eadn \u0111\u1ed9ng su\u1ed1t c\u1ea3 ng\u00e0y.<\/p>\n<ul>\n<li>B\u1ec1n b\u1ec9 v\u00e0 \u0111\u00e0n h\u1ed3i l\u00e2u d\u00e0i:<\/li>\n<\/ul>\n<p>Ch\u1ea5t li\u1ec7u cao c\u1ea5p gi\u00fap chun gi\u1eef \u0111\u01b0\u1ee3c \u0111\u1ed9 \u0111\u00e0n h\u1ed3i ngay c\u1ea3 khi s\u1eed d\u1ee5ng l\u00e2u, kh\u00f4ng b\u1ecb bai ho\u1eb7c gi\u00e3n.<\/p>\n<ul>\n<li>Thi\u1ebft k\u1ebf t\u00f9y ch\u1ec9nh theo chuy\u1ec3n \u0111\u1ed9ng:<\/li>\n<\/ul>\n<p>Chun v\u00f4 c\u1ef1c gi\u00fap b\u1ec9m d\u1ec5 d\u00e0ng th\u00edch nghi v\u1edbi m\u1ecdi t\u01b0 th\u1ebf c\u1ee7a b\u00e9, t\u1eeb n\u1eb1m, b\u00f2, ng\u1ed3i cho \u0111\u1ebfn ch\u1ea1y nh\u1ea3y<\/p>\n<ul>\n<li>Ph\u00f9 h\u1ee3p m\u1ecdi d\u00e1ng ng\u01b0\u1eddi:<\/li>\n<\/ul>\n<p>C\u00f4ng ngh\u1ec7 chun v\u00f4 c\u1ef1c t\u1ed1i \u01b0u h\u00f3a kh\u1ea3 n\u0103ng co gi\u00e3n, \u0111\u1ea3m b\u1ea3o b\u1ec9m v\u1eeba v\u1eb7n v\u1edbi b\u00e9 \u1edf m\u1ecdi \u0111\u1ed9 tu\u1ed5i v\u00e0 c\u00e2n n\u1eb7ng, gi\u1ea3m thi\u1ec3u tr\u00e0n b\u1ec9m m\u00e0 kh\u00f4ng c\u1ea7n c\u1ea7n k\u00edch c\u1ee1 qu\u00e1 ch\u1eb7t.<\/p>\n<ul>\n<li>Th\u00e2n thi\u1ec7n v\u1edbi l\u00e0n da b\u00e9:<\/li>\n<\/ul>\n<p>S\u1eed d\u1ee5ng ch\u1ea5t li\u1ec7u an to\u00e0n, kh\u00f4ng g\u00e2y k\u00edch \u1ee9ng, ph\u00f9 h\u1ee3p v\u1edbi ngay c\u1ea3 l\u00e0n da nh\u1ea1y c\u1ea3m.<\/p>\n<p>&nbsp;<\/p>\n","protected":false},"excerpt":{"rendered":"<p>\u0110\u1eb7c \u0111i\u1ec3m v\u01b0\u1ee3t tr\u1ed9i c\u1ee7a B\u1ec9m Yutaka \u0110\u1ed9 co gi\u00e3n linh ho\u1ea1t tuy\u1ec7t \u0111\u1ed1i: Chun v\u00f4 c\u1ef1c \u0111\u01b0\u1ee3c thi\u1ebft k\u1ebf \u0111\u1ec3 co gi\u00e3n 3 chi\u1ec1u, gi\u00fap b\u1ec9m \u00f4m s\u00e1t c\u01a1 th\u1ec3 b\u00e9 m\u00e0 kh\u00f4ng g\u00e2y kh\u00f3 ch\u1ecbu hay v\u1ebft h\u1eb1n tr\u00ean da. T\u0103ng c\u01b0\u1eddng s\u1ef1 tho\u1ea3i m\u00e1i: V\u1edbi c\u00f4ng ngh\u1ec7 kh\u00f4ng \u0111\u01b0\u1eddng n\u1ed1i, chun v\u00f4 [&#8230;]\n","protected":false},"featured_media":697,"comment_status":"open","ping_status":"closed","template":"","meta":{"_ti_tpc_template_sync":false,"_ti_tpc_template_id":""},"product_cat":[17,18,19,21,20,22],"product_tag":[],"class_list":["post-696","product","type-product","status-publish","has-post-thumbnail","hentry","product_cat-chua-phan-loai","product_cat-bim-dan","product_cat-bim-quan","product_cat-bim-yutaka","product_cat-giay-an","product_cat-yingcool-plus"],"_links":{"self":[{"href":"https:\/\/yingcool.com.vn\/index.php\/wp-json\/wp\/v2\/product\/696","targetHints":{"allow":["GET"]}}],"collection":[{"href":"https:\/\/yingcool.com.vn\/index.php\/wp-json\/wp\/v2\/product"}],"about":[{"href":"https:\/\/yingcool.com.vn\/index.php\/wp-json\/wp\/v2\/types\/product"}],"replies":[{"embeddable":true,"href":"https:\/\/yingcool.com.vn\/index.php\/wp-json\/wp\/v2\/comments?post=696"}],"wp:featuredmedia":[{"embeddable":true,"href":"https:\/\/yingcool.com.vn\/index.php\/wp-json\/wp\/v2\/media\/697"}],"wp:attachment":[{"href":"https:\/\/yingcool.com.vn\/index.php\/wp-json\/wp\/v2\/media?parent=696"}],"wp:term":[{"taxonomy":"product_cat","embeddable":true,"href":"https:\/\/yingcool.com.vn\/index.php\/wp-json\/wp\/v2\/product_cat?post=696"},{"taxonomy":"product_tag","embeddable":true,"href":"https:\/\/yingcool.com.vn\/index.php\/wp-json\/wp\/v2\/product_tag?post=696"}],"curies":[{"name":"wp","href":"https:\/\/api.w.org\/{rel}","templated":true}]}}