{"id":685,"date":"2024-11-21T02:55:34","date_gmt":"2024-11-21T02:55:34","guid":{"rendered":"https:\/\/yingcool.com.vn\/?post_type=product&#038;p=685"},"modified":"2024-11-21T03:13:32","modified_gmt":"2024-11-21T03:13:32","slug":"giay-kho-da-nang-yingcool","status":"publish","type":"product","link":"https:\/\/yingcool.com.vn\/index.php\/san-pham\/giay-kho-da-nang-yingcool\/","title":{"rendered":"Gi\u1ea5y kh\u00f4 \u0111a n\u0103ng Yingcool"},"content":{"rendered":"<p>Kh\u1ed1i l\u01b0\u1ee3ng: 24 g\u00f3i\/ th\u00f9ng<\/p>\n<p>S\u1ed1 l\u01b0\u1ee3ng: 30 t\u1edd\/g\u00f3i<br \/>\nM\u00f4 t\u1ea3 s\u1ea3n ph\u1ea9m:<br \/>\n\u2013 Ch\u1ea5t li\u1ec7u: 100% b\u1ed9t gi\u1ea5y m\u1ec1m m\u1ecbn<br \/>\n\u2013 K\u1ebft c\u1ea5u 3 l\u1edbp, th\u1ea5m h\u00fat t\u1ed1t, si\u00eau d\u1ebbo dai<\/p>\n","protected":false},"excerpt":{"rendered":"<p>Kh\u1ed1i l\u01b0\u1ee3ng: 24 g\u00f3i\/ th\u00f9ng S\u1ed1 l\u01b0\u1ee3ng: 30 t\u1edd\/g\u00f3i M\u00f4 t\u1ea3 s\u1ea3n ph\u1ea9m: \u2013 Ch\u1ea5t li\u1ec7u: 100% b\u1ed9t gi\u1ea5y m\u1ec1m m\u1ecbn \u2013 K\u1ebft c\u1ea5u 3 l\u1edbp, th\u1ea5m h\u00fat t\u1ed1t, si\u00eau d\u1ebbo dai<\/p>\n","protected":false},"featured_media":687,"comment_status":"open","ping_status":"closed","template":"","meta":{"_ti_tpc_template_sync":false,"_ti_tpc_template_id":""},"product_cat":[20],"product_tag":[],"class_list":["post-685","product","type-product","status-publish","has-post-thumbnail","hentry","product_cat-giay-an"],"_links":{"self":[{"href":"https:\/\/yingcool.com.vn\/index.php\/wp-json\/wp\/v2\/product\/685","targetHints":{"allow":["GET"]}}],"collection":[{"href":"https:\/\/yingcool.com.vn\/index.php\/wp-json\/wp\/v2\/product"}],"about":[{"href":"https:\/\/yingcool.com.vn\/index.php\/wp-json\/wp\/v2\/types\/product"}],"replies":[{"embeddable":true,"href":"https:\/\/yingcool.com.vn\/index.php\/wp-json\/wp\/v2\/comments?post=685"}],"wp:featuredmedia":[{"embeddable":true,"href":"https:\/\/yingcool.com.vn\/index.php\/wp-json\/wp\/v2\/media\/687"}],"wp:attachment":[{"href":"https:\/\/yingcool.com.vn\/index.php\/wp-json\/wp\/v2\/media?parent=685"}],"wp:term":[{"taxonomy":"product_cat","embeddable":true,"href":"https:\/\/yingcool.com.vn\/index.php\/wp-json\/wp\/v2\/product_cat?post=685"},{"taxonomy":"product_tag","embeddable":true,"href":"https:\/\/yingcool.com.vn\/index.php\/wp-json\/wp\/v2\/product_tag?post=685"}],"curies":[{"name":"wp","href":"https:\/\/api.w.org\/{rel}","templated":true}]}}