{"id":403,"date":"2023-07-01T08:20:23","date_gmt":"2023-07-01T08:20:23","guid":{"rendered":"http:\/\/yingcool.com.vn\/?post_type=product&#038;p=403"},"modified":"2023-11-03T02:41:56","modified_gmt":"2023-11-03T02:41:56","slug":"bim-quan-yingcool-cao-cap-size-m","status":"publish","type":"product","link":"https:\/\/yingcool.com.vn\/index.php\/san-pham\/bim-quan-yingcool-cao-cap-size-m\/","title":{"rendered":"B\u1ec9m qu\u1ea7n Yingcool cao c\u1ea5p &#8211; size M"},"content":{"rendered":"<p>K\u00edch th\u01b0\u1edbc: M<br \/>\nS\u1ed1 l\u01b0\u1ee3ng: 50 mi\u1ebfng\/b\u1ecbch<br \/>\nM\u00f4 t\u1ea3 s\u1ea3n ph\u1ea9m:<br \/>\n&#8211; Size: c\u00f3 tr\u00ean h\u00ecnh \u1ea3nh<br \/>\n&#8211; Ch\u1ea5t li\u1ec7u: S\u1ee3i b\u00f4ng h\u1eefu c\u01a1 m\u1ec1m m\u1ea1i<br \/>\n&#8211; B\u1ec1 m\u1eb7t si\u00eau m\u1ec1m m\u1ecbn v\u1edbi h\u01a1n 3000 l\u1ed7 th\u1ea5m h\u00fat t\u00edch h\u1ee3p v\u1edbi c\u00f4ng ngh\u1ec7 h\u00fat \u1ea9m v\u00e0 kh\u00f3a \u1ea9m si\u00eau nhanh gi\u00fap cho b\u00e9 lu\u00f4n c\u1ea3m th\u1ea5y kh\u00f4 tho\u00e1ng v\u00e0 \u00eam \u00e1i c\u1ea3 ng\u00e0y.<br \/>\n&#8211; Thi\u1ebft k\u1ebf form ch\u1eef Q hi\u1ec7n \u0111\u1ea1i: co d\u00e3n 360 \u0111\u1ed9, t\u00edch h\u1ee3p v\u1edbi chun m\u00e2y m\u1ec1m m\u1ea1i gi\u00fap tr\u00e1nh t\u00ecnh tr\u1ea1ng b\u1ec9m h\u1eb1n l\u00ean b\u1ee5ng b\u00e9<br \/>\n&#8211; H\u00fat \u1ea9m si\u00eau nhanh: S\u1eed d\u1ee5ng c\u00f4ng ngh\u1ec7 SAP sumitomo Nh\u1eadt B\u1ea3n v\u00e0 h\u1ec7 th\u1ed1ng t\u1ea3n nhi\u1ec7t tho\u00e1ng kh\u00ed th\u00f4ng minh gi\u00fap gi\u1eef cho da b\u00e9 lu\u00f4n kh\u00f4 r\u00e1o v\u00e0 tho\u00e1ng m\u00e1t<br \/>\n&#8211; V\u00e1ch ng\u0103n ch\u1ed1ng tr\u00e0n 2 b\u00ean h\u00f4ng v\u00e0 \u0111\u00f9i gi\u00fap ng\u0103n n\u01b0\u1edbc tr\u00e0n ra ngo\u00e0i.<br \/>\n&#8211; \u0110\u00eam chun m\u00e2y b\u00ean trong v\u00e0 chun th\u01b0\u1eddng b\u00ean ngo\u00e0i: \u00d4m s\u00e1t v\u00e0o m\u00f4ng v\u00e0 l\u01b0ng b\u00e9, v\u1eeba gi\u00fap b\u00e9 tr\u00f4ng g\u1ecdi g\u00e0ng h\u01a1n khi mang b\u1ec9m v\u1eeba tr\u00e1nh t\u00ecnh tr\u1ea1ng con b\u1ecb h\u1eb1n b\u1ee5ng.<\/p>\n","protected":false},"excerpt":{"rendered":"<p><span style=\"font-weight: 400;\">\u00a0B\u1ec9m qu\u1ea7n Yingcool &#8211; t\u00e3 b\u1ec9m c\u00f4ng ngh\u1ec7 m\u1edbi uy t\u00edn ch\u1ea5t l\u01b0\u1ee3ng s\u1ebd l\u00e0 l\u1ef1a ch\u1ecdn s\u1ed1 1 gi\u00fap m\u1eb9 gi\u1ea3i quy\u1ebft v\u1ea5n \u0111\u1ec1 t\u00e3 b\u1ec9m, gi\u00fap con y\u00eau lu\u00f4n kh\u00f4 tho\u00e1ng, tho\u1ea3i m\u00e1i c\u1ea3 ng\u00e0y d\u00e0i.\u00a0<\/span><\/p>\n","protected":false},"featured_media":616,"comment_status":"open","ping_status":"closed","template":"","meta":{"_ti_tpc_template_sync":false,"_ti_tpc_template_id":""},"product_cat":[19],"product_tag":[],"class_list":["post-403","product","type-product","status-publish","has-post-thumbnail","hentry","product_cat-bim-quan"],"_links":{"self":[{"href":"https:\/\/yingcool.com.vn\/index.php\/wp-json\/wp\/v2\/product\/403","targetHints":{"allow":["GET"]}}],"collection":[{"href":"https:\/\/yingcool.com.vn\/index.php\/wp-json\/wp\/v2\/product"}],"about":[{"href":"https:\/\/yingcool.com.vn\/index.php\/wp-json\/wp\/v2\/types\/product"}],"replies":[{"embeddable":true,"href":"https:\/\/yingcool.com.vn\/index.php\/wp-json\/wp\/v2\/comments?post=403"}],"wp:featuredmedia":[{"embeddable":true,"href":"https:\/\/yingcool.com.vn\/index.php\/wp-json\/wp\/v2\/media\/616"}],"wp:attachment":[{"href":"https:\/\/yingcool.com.vn\/index.php\/wp-json\/wp\/v2\/media?parent=403"}],"wp:term":[{"taxonomy":"product_cat","embeddable":true,"href":"https:\/\/yingcool.com.vn\/index.php\/wp-json\/wp\/v2\/product_cat?post=403"},{"taxonomy":"product_tag","embeddable":true,"href":"https:\/\/yingcool.com.vn\/index.php\/wp-json\/wp\/v2\/product_tag?post=403"}],"curies":[{"name":"wp","href":"https:\/\/api.w.org\/{rel}","templated":true}]}}